{"id":2714,"date":"2019-05-12T00:33:49","date_gmt":"2019-05-12T00:33:49","guid":{"rendered":"http:\/\/dxfuel.com.br\/site\/?page_id=2714"},"modified":"2019-05-14T19:45:38","modified_gmt":"2019-05-14T19:45:38","slug":"segmentos","status":"publish","type":"page","link":"https:\/\/dxfuel.com.br\/site\/segmentos\/","title":{"rendered":"SEGMENTOS"},"content":{"rendered":"<section id=\"\"  class=\"light\"> <div class=\"container\">  <div class=\"row\"><div class=\"col-md-2  text-default\" >\n\t<div class=\"wpb_single_image wpb_content_element vc_align_left\">\n\t\t<div class=\"wpb_wrapper\">\n\t\t\t\n\t\t\t<a href=\"http:\/\/dxfuel.com.br\/site\/segmentos\/moto-pecas-e-oficinas-de-motos\/\" target=\"_self\"><img decoding=\"async\" width=\"200\" height=\"300\" data-src=\"https:\/\/dxfuel.com.br\/site\/wp-content\/uploads\/2019\/05\/MOTO-PE\u00c7AS-E-OFICINAS-DE-MOTOS.png\" class=\"vc_box_border_grey attachment-full lazyload\" alt=\"\" src=\"data:image\/svg+xml;base64,PHN2ZyB3aWR0aD0iMSIgaGVpZ2h0PSIxIiB4bWxucz0iaHR0cDovL3d3dy53My5vcmcvMjAwMC9zdmciPjwvc3ZnPg==\" style=\"--smush-placeholder-width: 200px; --smush-placeholder-aspect-ratio: 200\/300;\" \/><\/a>\n\t\t<\/div> \n\t<\/div> <\/div><div class=\"col-md-2  text-default\" >\n\t<div class=\"wpb_single_image wpb_content_element vc_align_left\">\n\t\t<div class=\"wpb_wrapper\">\n\t\t\t\n\t\t\t<a href=\"http:\/\/dxfuel.com.br\/site\/segmentos\/postos-de-combustiveis\/\" target=\"_self\"><img decoding=\"async\" width=\"200\" height=\"300\" data-src=\"https:\/\/dxfuel.com.br\/site\/wp-content\/uploads\/2019\/05\/POSTOS-DE-COMBUST\u00cdVEIS.png\" class=\"vc_box_border_grey attachment-full lazyload\" alt=\"\" src=\"data:image\/svg+xml;base64,PHN2ZyB3aWR0aD0iMSIgaGVpZ2h0PSIxIiB4bWxucz0iaHR0cDovL3d3dy53My5vcmcvMjAwMC9zdmciPjwvc3ZnPg==\" style=\"--smush-placeholder-width: 200px; --smush-placeholder-aspect-ratio: 200\/300;\" \/><\/a>\n\t\t<\/div> \n\t<\/div> <\/div><div class=\"col-md-2  text-default\" >\n\t<div class=\"wpb_single_image wpb_content_element vc_align_left\">\n\t\t<div class=\"wpb_wrapper\">\n\t\t\t\n\t\t\t<a href=\"http:\/\/dxfuel.com.br\/site\/segmentos\/oficinas-leves\/\" target=\"_self\"><img decoding=\"async\" width=\"200\" height=\"300\" data-src=\"https:\/\/dxfuel.com.br\/site\/wp-content\/uploads\/2019\/05\/OFICINAS-LEVES.png\" class=\"vc_box_border_grey attachment-full lazyload\" alt=\"\" src=\"data:image\/svg+xml;base64,PHN2ZyB3aWR0aD0iMSIgaGVpZ2h0PSIxIiB4bWxucz0iaHR0cDovL3d3dy53My5vcmcvMjAwMC9zdmciPjwvc3ZnPg==\" style=\"--smush-placeholder-width: 200px; --smush-placeholder-aspect-ratio: 200\/300;\" \/><\/a>\n\t\t<\/div> \n\t<\/div> <\/div><div class=\"col-md-2  text-default\" >\n\t<div class=\"wpb_single_image wpb_content_element vc_align_left\">\n\t\t<div class=\"wpb_wrapper\">\n\t\t\t\n\t\t\t<a href=\"http:\/\/dxfuel.com.br\/site\/segmentos\/oficinas-diesel\/\" target=\"_self\"><img decoding=\"async\" width=\"200\" height=\"300\" data-src=\"https:\/\/dxfuel.com.br\/site\/wp-content\/uploads\/2019\/05\/OFICINAS-DIESEL.png\" class=\"vc_box_border_grey attachment-full lazyload\" alt=\"\" src=\"data:image\/svg+xml;base64,PHN2ZyB3aWR0aD0iMSIgaGVpZ2h0PSIxIiB4bWxucz0iaHR0cDovL3d3dy53My5vcmcvMjAwMC9zdmciPjwvc3ZnPg==\" style=\"--smush-placeholder-width: 200px; --smush-placeholder-aspect-ratio: 200\/300;\" \/><\/a>\n\t\t<\/div> \n\t<\/div> <\/div><div class=\"col-md-2  text-default\" >\n\t<div class=\"wpb_single_image wpb_content_element vc_align_left\">\n\t\t<div class=\"wpb_wrapper\">\n\t\t\t\n\t\t\t<a href=\"http:\/\/dxfuel.com.br\/site\/segmentos\/bombistas\/\" target=\"_self\"><img decoding=\"async\" width=\"200\" height=\"300\" data-src=\"https:\/\/dxfuel.com.br\/site\/wp-content\/uploads\/2019\/05\/BOMBISTAS.png\" class=\"vc_box_border_grey attachment-full lazyload\" alt=\"\" src=\"data:image\/svg+xml;base64,PHN2ZyB3aWR0aD0iMSIgaGVpZ2h0PSIxIiB4bWxucz0iaHR0cDovL3d3dy53My5vcmcvMjAwMC9zdmciPjwvc3ZnPg==\" style=\"--smush-placeholder-width: 200px; --smush-placeholder-aspect-ratio: 200\/300;\" \/><\/a>\n\t\t<\/div> \n\t<\/div> <\/div><div class=\"col-md-2  text-default\" >\n\t<div class=\"wpb_single_image wpb_content_element vc_align_left\">\n\t\t<div class=\"wpb_wrapper\">\n\t\t\t\n\t\t\t<a href=\"http:\/\/dxfuel.com.br\/site\/segmentos\/auto-pecas\/\" target=\"_self\"><img decoding=\"async\" width=\"200\" height=\"300\" data-src=\"https:\/\/dxfuel.com.br\/site\/wp-content\/uploads\/2019\/05\/AUTO-PE\u00c7AS.png\" class=\"vc_box_border_grey attachment-full lazyload\" alt=\"\" src=\"data:image\/svg+xml;base64,PHN2ZyB3aWR0aD0iMSIgaGVpZ2h0PSIxIiB4bWxucz0iaHR0cDovL3d3dy53My5vcmcvMjAwMC9zdmciPjwvc3ZnPg==\" style=\"--smush-placeholder-width: 200px; --smush-placeholder-aspect-ratio: 200\/300;\" \/><\/a>\n\t\t<\/div> \n\t<\/div> <\/div>  <\/div>  <\/div><\/section><section id=\"\"  class=\"light\"> <div class=\"container\">  <div class=\"row\"><div class=\"col-md-2  text-default\" >\n\t<div class=\"wpb_single_image wpb_content_element vc_align_left\">\n\t\t<div class=\"wpb_wrapper\">\n\t\t\t\n\t\t\t<a href=\"http:\/\/dxfuel.com.br\/site\/segmentos\/frotistas-transportadoras\/\" target=\"_self\"><img decoding=\"async\" width=\"200\" height=\"300\" data-src=\"https:\/\/dxfuel.com.br\/site\/wp-content\/uploads\/2019\/05\/FROTISTAS-TRANSPORTADORAS.png\" class=\"vc_box_border_grey attachment-full lazyload\" alt=\"\" src=\"data:image\/svg+xml;base64,PHN2ZyB3aWR0aD0iMSIgaGVpZ2h0PSIxIiB4bWxucz0iaHR0cDovL3d3dy53My5vcmcvMjAwMC9zdmciPjwvc3ZnPg==\" style=\"--smush-placeholder-width: 200px; --smush-placeholder-aspect-ratio: 200\/300;\" \/><\/a>\n\t\t<\/div> \n\t<\/div> <\/div><div class=\"col-md-2  text-default\" >\n\t<div class=\"wpb_single_image wpb_content_element vc_align_left\">\n\t\t<div class=\"wpb_wrapper\">\n\t\t\t\n\t\t\t<a href=\"http:\/\/dxfuel.com.br\/site\/segmentos\/usinas\/\" target=\"_self\"><img decoding=\"async\" width=\"200\" height=\"300\" data-src=\"https:\/\/dxfuel.com.br\/site\/wp-content\/uploads\/2019\/05\/USINAS.png\" class=\"vc_box_border_grey attachment-full lazyload\" alt=\"\" src=\"data:image\/svg+xml;base64,PHN2ZyB3aWR0aD0iMSIgaGVpZ2h0PSIxIiB4bWxucz0iaHR0cDovL3d3dy53My5vcmcvMjAwMC9zdmciPjwvc3ZnPg==\" style=\"--smush-placeholder-width: 200px; --smush-placeholder-aspect-ratio: 200\/300;\" \/><\/a>\n\t\t<\/div> \n\t<\/div> <\/div><div class=\"col-md-2  text-default\" >\n\t<div class=\"wpb_single_image wpb_content_element vc_align_left\">\n\t\t<div class=\"wpb_wrapper\">\n\t\t\t\n\t\t\t<a href=\"http:\/\/dxfuel.com.br\/site\/segmentos\/pedreiras-construtoras\/\" target=\"_self\"><img decoding=\"async\" width=\"200\" height=\"300\" data-src=\"https:\/\/dxfuel.com.br\/site\/wp-content\/uploads\/2019\/05\/PEDREIRAS-CONSTRUTORAS.png\" class=\"vc_box_border_grey attachment-full lazyload\" alt=\"\" src=\"data:image\/svg+xml;base64,PHN2ZyB3aWR0aD0iMSIgaGVpZ2h0PSIxIiB4bWxucz0iaHR0cDovL3d3dy53My5vcmcvMjAwMC9zdmciPjwvc3ZnPg==\" style=\"--smush-placeholder-width: 200px; --smush-placeholder-aspect-ratio: 200\/300;\" \/><\/a>\n\t\t<\/div> \n\t<\/div> <\/div><div class=\"col-md-2  text-default\" >\n\t<div class=\"wpb_single_image wpb_content_element vc_align_left\">\n\t\t<div class=\"wpb_wrapper\">\n\t\t\t\n\t\t\t<a href=\"http:\/\/dxfuel.com.br\/site\/segmentos\/produtores-rurais\/\" target=\"_self\"><img decoding=\"async\" width=\"200\" height=\"300\" data-src=\"https:\/\/dxfuel.com.br\/site\/wp-content\/uploads\/2019\/05\/rurais.png\" class=\"vc_box_border_grey attachment-full lazyload\" alt=\"\" src=\"data:image\/svg+xml;base64,PHN2ZyB3aWR0aD0iMSIgaGVpZ2h0PSIxIiB4bWxucz0iaHR0cDovL3d3dy53My5vcmcvMjAwMC9zdmciPjwvc3ZnPg==\" style=\"--smush-placeholder-width: 200px; --smush-placeholder-aspect-ratio: 200\/300;\" \/><\/a>\n\t\t<\/div> \n\t<\/div> <\/div><div class=\"col-md-2  text-default\" >\n\t<div class=\"wpb_single_image wpb_content_element vc_align_left\">\n\t\t<div class=\"wpb_wrapper\">\n\t\t\t\n\t\t\t<a href=\"http:\/\/dxfuel.com.br\/site\/segmentos\/distribuidores\/\" target=\"_self\"><img decoding=\"async\" width=\"200\" height=\"300\" data-src=\"https:\/\/dxfuel.com.br\/site\/wp-content\/uploads\/2019\/05\/DISTRIBUIDORES.png\" class=\"vc_box_border_grey attachment-full lazyload\" alt=\"\" src=\"data:image\/svg+xml;base64,PHN2ZyB3aWR0aD0iMSIgaGVpZ2h0PSIxIiB4bWxucz0iaHR0cDovL3d3dy53My5vcmcvMjAwMC9zdmciPjwvc3ZnPg==\" style=\"--smush-placeholder-width: 200px; --smush-placeholder-aspect-ratio: 200\/300;\" \/><\/a>\n\t\t<\/div> \n\t<\/div> <\/div><div class=\"col-md-2  text-default\" >\n\t<div class=\"wpb_single_image wpb_content_element vc_align_left\">\n\t\t<div class=\"wpb_wrapper\">\n\t\t\t\n\t\t\t<a href=\"http:\/\/dxfuel.com.br\/site\/segmentos\/nauticos-e-embarcacoes\/\" target=\"_self\"><img decoding=\"async\" width=\"200\" height=\"300\" data-src=\"https:\/\/dxfuel.com.br\/site\/wp-content\/uploads\/2019\/05\/N\u00c1UTICOS-E-EMBARCA\u00c7\u00d5ES.png\" class=\"vc_box_border_grey attachment-full lazyload\" alt=\"\" src=\"data:image\/svg+xml;base64,PHN2ZyB3aWR0aD0iMSIgaGVpZ2h0PSIxIiB4bWxucz0iaHR0cDovL3d3dy53My5vcmcvMjAwMC9zdmciPjwvc3ZnPg==\" style=\"--smush-placeholder-width: 200px; --smush-placeholder-aspect-ratio: 200\/300;\" \/><\/a>\n\t\t<\/div> \n\t<\/div> <\/div>  <\/div>  <\/div><\/section><section id=\"\"  class=\"light\"> <div class=\"container\">  <div class=\"row\"><div class=\"col-md-2  text-default\" ><\/div><div class=\"col-md-2  text-default\" >\n\t<div class=\"wpb_single_image wpb_content_element vc_align_left\">\n\t\t<div class=\"wpb_wrapper\">\n\t\t\t\n\t\t\t<a href=\"http:\/\/dxfuel.com.br\/site\/segmentos\/venda-e-manutencao-de-geradores\/\" target=\"_self\"><img decoding=\"async\" width=\"200\" height=\"300\" data-src=\"https:\/\/dxfuel.com.br\/site\/wp-content\/uploads\/2019\/05\/VENDA-E-MANUTEN\u00c7\u00c3O-DE-GERADORES.png\" class=\"vc_box_border_grey attachment-full lazyload\" alt=\"\" src=\"data:image\/svg+xml;base64,PHN2ZyB3aWR0aD0iMSIgaGVpZ2h0PSIxIiB4bWxucz0iaHR0cDovL3d3dy53My5vcmcvMjAwMC9zdmciPjwvc3ZnPg==\" style=\"--smush-placeholder-width: 200px; --smush-placeholder-aspect-ratio: 200\/300;\" \/><\/a>\n\t\t<\/div> \n\t<\/div> <\/div><div class=\"col-md-2  text-default\" >\n\t<div class=\"wpb_single_image wpb_content_element vc_align_left\">\n\t\t<div class=\"wpb_wrapper\">\n\t\t\t\n\t\t\t<a href=\"http:\/\/dxfuel.com.br\/site\/segmentos\/trr\/\" target=\"_self\"><img decoding=\"async\" width=\"200\" height=\"300\" data-src=\"https:\/\/dxfuel.com.br\/site\/wp-content\/uploads\/2019\/05\/TRR.png\" class=\"vc_box_border_grey attachment-full lazyload\" alt=\"\" src=\"data:image\/svg+xml;base64,PHN2ZyB3aWR0aD0iMSIgaGVpZ2h0PSIxIiB4bWxucz0iaHR0cDovL3d3dy53My5vcmcvMjAwMC9zdmciPjwvc3ZnPg==\" style=\"--smush-placeholder-width: 200px; --smush-placeholder-aspect-ratio: 200\/300;\" \/><\/a>\n\t\t<\/div> \n\t<\/div> <\/div><div class=\"col-md-2  text-default\" >\n\t<div class=\"wpb_single_image wpb_content_element vc_align_left\">\n\t\t<div class=\"wpb_wrapper\">\n\t\t\t\n\t\t\t<a href=\"http:\/\/dxfuel.com.br\/site\/segmentos\/concessionarias\/\" target=\"_self\"><img decoding=\"async\" width=\"200\" height=\"300\" data-src=\"https:\/\/dxfuel.com.br\/site\/wp-content\/uploads\/2019\/05\/CONCESSION\u00c1RIAS47.png\" class=\"vc_box_border_grey attachment-full lazyload\" alt=\"\" src=\"data:image\/svg+xml;base64,PHN2ZyB3aWR0aD0iMSIgaGVpZ2h0PSIxIiB4bWxucz0iaHR0cDovL3d3dy53My5vcmcvMjAwMC9zdmciPjwvc3ZnPg==\" style=\"--smush-placeholder-width: 200px; --smush-placeholder-aspect-ratio: 200\/300;\" \/><\/a>\n\t\t<\/div> \n\t<\/div> <\/div><div class=\"col-md-2  text-default\" >\n\t<div class=\"wpb_single_image wpb_content_element vc_align_left\">\n\t\t<div class=\"wpb_wrapper\">\n\t\t\t\n\t\t\t<a href=\"http:\/\/dxfuel.com.br\/site\/segmentos\/revendas-agricolas\/\" target=\"_self\"><img decoding=\"async\" width=\"200\" height=\"300\" data-src=\"https:\/\/dxfuel.com.br\/site\/wp-content\/uploads\/2019\/05\/agricola.png\" class=\"vc_box_border_grey attachment-full lazyload\" alt=\"\" src=\"data:image\/svg+xml;base64,PHN2ZyB3aWR0aD0iMSIgaGVpZ2h0PSIxIiB4bWxucz0iaHR0cDovL3d3dy53My5vcmcvMjAwMC9zdmciPjwvc3ZnPg==\" style=\"--smush-placeholder-width: 200px; --smush-placeholder-aspect-ratio: 200\/300;\" \/><\/a>\n\t\t<\/div> \n\t<\/div> <\/div><div class=\"col-md-2  text-default\" ><\/div>  <\/div>  <\/div><\/section>\n","protected":false},"excerpt":{"rendered":"","protected":false},"author":1,"featured_media":0,"parent":0,"menu_order":0,"comment_status":"closed","ping_status":"closed","template":"","meta":{"footnotes":""},"class_list":["post-2714","page","type-page","status-publish","hentry"],"_links":{"self":[{"href":"https:\/\/dxfuel.com.br\/site\/wp-json\/wp\/v2\/pages\/2714","targetHints":{"allow":["GET"]}}],"collection":[{"href":"https:\/\/dxfuel.com.br\/site\/wp-json\/wp\/v2\/pages"}],"about":[{"href":"https:\/\/dxfuel.com.br\/site\/wp-json\/wp\/v2\/types\/page"}],"author":[{"embeddable":true,"href":"https:\/\/dxfuel.com.br\/site\/wp-json\/wp\/v2\/users\/1"}],"replies":[{"embeddable":true,"href":"https:\/\/dxfuel.com.br\/site\/wp-json\/wp\/v2\/comments?post=2714"}],"version-history":[{"count":11,"href":"https:\/\/dxfuel.com.br\/site\/wp-json\/wp\/v2\/pages\/2714\/revisions"}],"predecessor-version":[{"id":2801,"href":"https:\/\/dxfuel.com.br\/site\/wp-json\/wp\/v2\/pages\/2714\/revisions\/2801"}],"wp:attachment":[{"href":"https:\/\/dxfuel.com.br\/site\/wp-json\/wp\/v2\/media?parent=2714"}],"curies":[{"name":"wp","href":"https:\/\/api.w.org\/{rel}","templated":true}]}}