{"id":2681,"date":"2019-05-11T22:56:54","date_gmt":"2019-05-11T22:56:54","guid":{"rendered":"http:\/\/dxfuel.com.br\/site\/?page_id=2681"},"modified":"2019-05-13T16:36:30","modified_gmt":"2019-05-13T16:36:30","slug":"seja-um-vendedor","status":"publish","type":"page","link":"https:\/\/dxfuel.com.br\/site\/seja-um-vendedor\/","title":{"rendered":"SEJA UM VENDEDOR"},"content":{"rendered":"<section id=\"\"  class=\"light\"> <div class=\"container\">  <div class=\"row\"><div class=\"col-md-12  text-default\" ><div class=\"team_member office_address\"><img decoding=\"async\" data-src=\"https:\/\/dxfuel.com.br\/site\/wp-content\/uploads\/2014\/08\/Dx_contato.png\"  alt=\"SEJA UM VENDEDOR\" src=\"data:image\/svg+xml;base64,PHN2ZyB3aWR0aD0iMSIgaGVpZ2h0PSIxIiB4bWxucz0iaHR0cDovL3d3dy53My5vcmcvMjAwMC9zdmciPjwvc3ZnPg==\" class=\"lazyload\" style=\"--smush-placeholder-width: 154px; --smush-placeholder-aspect-ratio: 154\/154;\"><h5>SEJA UM VENDEDOR<\/h5><small>Aproveite esta oportunidade!<\/small><br><br><p>A DX Fuel Oferece para voc\u00ea vendedor, condi\u00e7\u00f5es de trabalho muito acima do mercado.<\/p>\n<ul>\n<li style=\"text-align: left;\">Treinamento e capacita\u00e7\u00e3o t\u00e9cnica sem nenhum custo.<\/li>\n<li style=\"text-align: left;\">Ve\u00edculo monitorado.<\/li>\n<li style=\"text-align: left;\">Ajuda de custo.<\/li>\n<li style=\"text-align: left;\">CLT.<\/li>\n<li style=\"text-align: left;\">Comiss\u00f5es.<\/li>\n<li style=\"text-align: left;\">Bonifica\u00e7\u00f5es.<\/li>\n<li style=\"text-align: left;\">Apoio t\u00e9cnico e comercial interno.<\/li>\n<\/ul>\n<p>Venha fazer parte deste time!<\/p>\n<\/div>\n\t<div class=\"wpb_text_column wpb_content_element \">\n\t\t<div class=\"wpb_wrapper\">\n\t\t\t<p style=\"text-align: center;\"><strong>Se interessou? Cadastre-se<\/strong><\/p>\n\n\t\t<\/div> \n\t<\/div> \n\t<div class=\"wpb_text_column wpb_content_element \">\n\t\t<div class=\"wpb_wrapper\">\n\t\t\t\n<div class=\"wpcf7 no-js\" id=\"wpcf7-f2677-o1\" lang=\"pt-BR\" dir=\"ltr\" data-wpcf7-id=\"2677\">\n<div class=\"screen-reader-response\"><p role=\"status\" aria-live=\"polite\" aria-atomic=\"true\"><\/p> <ul><\/ul><\/div>\n<form action=\"\/site\/wp-json\/wp\/v2\/pages\/2681#wpcf7-f2677-o1\" method=\"post\" class=\"wpcf7-form init\" aria-label=\"Formul\u00e1rios de contato\" enctype=\"multipart\/form-data\" novalidate=\"novalidate\" data-status=\"init\">\n<fieldset class=\"hidden-fields-container\"><input type=\"hidden\" name=\"_wpcf7\" value=\"2677\" \/><input type=\"hidden\" name=\"_wpcf7_version\" value=\"6.1.5\" \/><input type=\"hidden\" name=\"_wpcf7_locale\" value=\"pt_BR\" \/><input type=\"hidden\" name=\"_wpcf7_unit_tag\" value=\"wpcf7-f2677-o1\" \/><input type=\"hidden\" name=\"_wpcf7_container_post\" value=\"0\" \/><input type=\"hidden\" name=\"_wpcf7_posted_data_hash\" value=\"\" \/>\n<\/fieldset>\n<p>Seu nome (obrigat\u00f3rio)\n<\/p>\n<p><span class=\"wpcf7-form-control-wrap\" data-name=\"your-name\"><input size=\"40\" maxlength=\"400\" class=\"wpcf7-form-control wpcf7-form-control form-control wpcf7-validates-as-required\" aria-required=\"true\" aria-invalid=\"false\" value=\"\" type=\"text\" name=\"your-name\" \/><\/span>\n<\/p>\n<p>Seu e-mail (obrigat\u00f3rio)\n<\/p>\n<p><span class=\"wpcf7-form-control-wrap\" data-name=\"your-email\"><input size=\"40\" maxlength=\"400\" class=\"wpcf7-form-control wpcf7-form-control form-control wpcf7-validates-as-required wpcf7-form-control form-control wpcf7-validates-as-email\" aria-required=\"true\" aria-invalid=\"false\" value=\"\" type=\"email\" name=\"your-email\" \/><\/span>\n<\/p>\n<p>Seu Telefone (obrigat\u00f3rio)\n<\/p>\n<p><span class=\"wpcf7-form-control-wrap\" data-name=\"tel-724\"><input size=\"40\" maxlength=\"400\" class=\"wpcf7-form-control wpcf7-tel wpcf7-validates-as-required wpcf7-form-control form-control wpcf7-validates-as-tel\" aria-required=\"true\" aria-invalid=\"false\" value=\"\" type=\"tel\" name=\"tel-724\" \/><\/span>\n<\/p>\n<p>Hist\u00f3rico profissional \/ Interesse\n<\/p>\n<p><span class=\"wpcf7-form-control-wrap\" data-name=\"textarea-550\"><textarea cols=\"40\" rows=\"10\" maxlength=\"2000\" class=\"wpcf7-form-control wpcf7-form-control wpcf7-form-control form-control\" aria-invalid=\"false\" name=\"textarea-550\"><\/textarea><\/span>\n<\/p>\n<p>Anexe seu curr\u00edculo (.doc ou .pdf) (obrigat\u00f3rio)\n<\/p>\n<p><span class=\"wpcf7-form-control-wrap\" data-name=\"file-642\"><input size=\"40\" class=\"wpcf7-form-control wpcf7-file\" accept=\"audio\/*,video\/*,image\/*\" aria-invalid=\"false\" type=\"file\" name=\"file-642\" \/><\/span>\n<\/p>\n<p><input class=\"wpcf7-form-control wpcf7-submit btn btn-primary has-spinner\" type=\"submit\" value=\"Enviar\" \/>\n<\/p><div class=\"wpcf7-response-output\" aria-hidden=\"true\"><\/div>\n<\/form>\n<\/div>\n\n\n\t\t<\/div> \n\t<\/div> <\/div>  <\/div>  <\/div><\/section><section id=\"\"  class=\"dark_section parallax lazyload\" style=\"background-image:inherit; background-size:cover;\" data-bg-image=\"url(https:\/\/dxfuel.com.br\/site\/wp-content\/uploads\/2014\/09\/newsletter-cropped-overlay.jpg)\"> <div class=\"container\">  <div class=\"row\"><div class=\"col-md-12  text-default\" ><div class=\"vc_empty_space\"  style=\"height: 32px\" ><span class=\"vc_empty_space_inner\"><\/span><\/div>\n\n<\/div>  <\/div>  <\/div><\/section>\n","protected":false},"excerpt":{"rendered":"SEJA UM VENDEDORAproveite esta oportunidade!A DX Fuel Oferece para voc\u00ea vendedor, condi\u00e7\u00f5es de trabalho muito acima do mercado. Treinamento e capacita\u00e7\u00e3o t\u00e9cnica sem nenhum custo. Ve\u00edculo monitorado. Ajuda de custo. CLT. Comiss\u00f5es. Bonifica\u00e7\u00f5es. Apoio t\u00e9cnico e comercial interno. Venha fazer parte deste time! Se interessou? Cadastre-se Seu nome (obrigat\u00f3rio) Seu e-mail (obrigat\u00f3rio) Seu Telefone (obrigat\u00f3rio) [...]","protected":false},"author":1,"featured_media":0,"parent":0,"menu_order":6,"comment_status":"closed","ping_status":"closed","template":"","meta":{"footnotes":""},"class_list":["post-2681","page","type-page","status-publish","hentry"],"_links":{"self":[{"href":"https:\/\/dxfuel.com.br\/site\/wp-json\/wp\/v2\/pages\/2681","targetHints":{"allow":["GET"]}}],"collection":[{"href":"https:\/\/dxfuel.com.br\/site\/wp-json\/wp\/v2\/pages"}],"about":[{"href":"https:\/\/dxfuel.com.br\/site\/wp-json\/wp\/v2\/types\/page"}],"author":[{"embeddable":true,"href":"https:\/\/dxfuel.com.br\/site\/wp-json\/wp\/v2\/users\/1"}],"replies":[{"embeddable":true,"href":"https:\/\/dxfuel.com.br\/site\/wp-json\/wp\/v2\/comments?post=2681"}],"version-history":[{"count":3,"href":"https:\/\/dxfuel.com.br\/site\/wp-json\/wp\/v2\/pages\/2681\/revisions"}],"predecessor-version":[{"id":2732,"href":"https:\/\/dxfuel.com.br\/site\/wp-json\/wp\/v2\/pages\/2681\/revisions\/2732"}],"wp:attachment":[{"href":"https:\/\/dxfuel.com.br\/site\/wp-json\/wp\/v2\/media?parent=2681"}],"curies":[{"name":"wp","href":"https:\/\/api.w.org\/{rel}","templated":true}]}}