{"id":23,"date":"2014-08-25T12:40:33","date_gmt":"2014-08-25T12:40:33","guid":{"rendered":"http:\/\/plethorathemes.com\/dev\/cleanstart\/?page_id=23"},"modified":"2019-03-26T22:04:05","modified_gmt":"2019-03-26T22:04:05","slug":"contact","status":"publish","type":"page","link":"https:\/\/dxfuel.com.br\/site\/contact\/","title":{"rendered":"CONTATO"},"content":{"rendered":"<section id=\"\"  class=\"light\"> <div class=\"container\">  <div class=\"row\"><div class=\"col-md-4  text-default\" ><div class=\"team_member office_address\"><img decoding=\"async\" data-src=\"https:\/\/dxfuel.com.br\/site\/wp-content\/uploads\/2014\/08\/Dx_contato.png\"  alt=\"DX FUEL\" src=\"data:image\/svg+xml;base64,PHN2ZyB3aWR0aD0iMSIgaGVpZ2h0PSIxIiB4bWxucz0iaHR0cDovL3d3dy53My5vcmcvMjAwMC9zdmciPjwvc3ZnPg==\" class=\"lazyload\" style=\"--smush-placeholder-width: 154px; --smush-placeholder-aspect-ratio: 154\/154;\"><h5>DX FUEL<\/h5><small>Otimizador de combust\u00edvel \u00e9 com a gente!<\/small><br><br><p><strong>Escrit\u00f3rio Comercial: <\/strong> (19) 3441-3790 | (19) 3441-4657<\/p>\n<p><strong>E-mail:\u00a0<\/strong>contato@dxfuel.com.br<\/p>\n<\/div><\/div><div class=\"col-md-8  text-default\" >\n\t<div class=\"wpb_text_column wpb_content_element \">\n\t\t<div class=\"wpb_wrapper\">\n\t\t\t\n<div class=\"wpcf7 no-js\" id=\"wpcf7-f4-o1\" lang=\"en-US\" dir=\"ltr\" data-wpcf7-id=\"4\">\n<div class=\"screen-reader-response\"><p role=\"status\" aria-live=\"polite\" aria-atomic=\"true\"><\/p> <ul><\/ul><\/div>\n<form action=\"\/site\/wp-json\/wp\/v2\/pages\/23#wpcf7-f4-o1\" method=\"post\" class=\"wpcf7-form init\" aria-label=\"Contact form\" novalidate=\"novalidate\" data-status=\"init\">\n<fieldset class=\"hidden-fields-container\"><input type=\"hidden\" name=\"_wpcf7\" value=\"4\" \/><input type=\"hidden\" name=\"_wpcf7_version\" value=\"6.1.5\" \/><input type=\"hidden\" name=\"_wpcf7_locale\" value=\"en_US\" \/><input type=\"hidden\" name=\"_wpcf7_unit_tag\" value=\"wpcf7-f4-o1\" \/><input type=\"hidden\" name=\"_wpcf7_container_post\" value=\"0\" \/><input type=\"hidden\" name=\"_wpcf7_posted_data_hash\" value=\"\" \/>\n<\/fieldset>\n<div class=\"row\">\n\t<div class=\"col-sm-6 col-md-6\">\n\t\t<p><label>Nome<\/label><br \/>\n<span class=\"wpcf7-form-control-wrap\" data-name=\"your-name\"><input size=\"40\" maxlength=\"400\" class=\"wpcf7-form-control wpcf7-form-control form-control wpcf7-validates-as-required form-control\" aria-required=\"true\" aria-invalid=\"false\" value=\"\" type=\"text\" name=\"your-name\" \/><\/span>\n\t\t<\/p>\n\t<\/div>\n\t<div class=\"col-sm-6 col-md-6\">\n\t\t<p><label>E-mail<\/label><br \/>\n<span class=\"wpcf7-form-control-wrap\" data-name=\"your-email\"><input size=\"40\" maxlength=\"400\" class=\"wpcf7-form-control wpcf7-form-control form-control wpcf7-validates-as-required wpcf7-form-control form-control wpcf7-validates-as-email form-control\" aria-required=\"true\" aria-invalid=\"false\" value=\"\" type=\"email\" name=\"your-email\" \/><\/span>\n\t\t<\/p>\n\t<\/div>\n<\/div>\n<div class=\"row\">\n\t<div class=\"col-sm-12 col-md-12\">\n\t\t<p><label>Assunto<\/label><br \/>\n<span class=\"wpcf7-form-control-wrap\" data-name=\"your-subject\"><input size=\"40\" maxlength=\"400\" class=\"wpcf7-form-control wpcf7-form-control form-control form-control\" aria-invalid=\"false\" value=\"\" type=\"text\" name=\"your-subject\" \/><\/span>\n\t\t<\/p>\n\t<\/div>\n<\/div>\n<div class=\"row\">\n\t<div class=\"col-sm-12 col-md-12\">\n\t\t<p><label>Mensagem<\/label><br \/>\n<span class=\"wpcf7-form-control-wrap\" data-name=\"your-message\"><textarea cols=\"40\" rows=\"10\" maxlength=\"2000\" class=\"wpcf7-form-control wpcf7-form-control wpcf7-form-control form-control form-control\" aria-invalid=\"false\" name=\"your-message\"><\/textarea><\/span>\n\t\t<\/p>\n\t<\/div>\n<\/div>\n<div class=\"row\">\n\t<div class=\"col-sm-12 col-md-12\">\n\t\t<p><input class=\"wpcf7-form-control wpcf7-submit btn btn-primary has-spinner btn btn-primary\" type=\"submit\" value=\"Enviar\" \/>\n\t\t<\/p>\n\t<\/div>\n<\/div><div class=\"wpcf7-response-output\" aria-hidden=\"true\"><\/div>\n<\/form>\n<\/div>\n\n\n\t\t<\/div> \n\t<\/div> <\/div>  <\/div>  <\/div><\/section><section id=\"\"  class=\"dark_section parallax lazyload\" style=\"background-image:inherit; background-size:cover;\" data-bg-image=\"url(https:\/\/dxfuel.com.br\/site\/wp-content\/uploads\/2014\/09\/newsletter-cropped-overlay.jpg)\"> <div class=\"container\">  <div class=\"row\"><div class=\"col-md-12  text-default\" ><div class=\"newsletter_form\"><h3>INSCREVA-SE PARA RECEBER A NOSSA NEWSLETTER<\/h3><h4>\u00c9 f\u00e1cil e r\u00e1pido<\/h4><form class=\"form-inline\" id=\"newsletter\" action=\"https:\/\/dxfuel.com.br\/site\/wp-admin\/admin-ajax.php\" method=\"POST\">\r\n                         <input class=\"form-control\" placeholder=\"Insira seu e-mail...\" name=\"email\" id=\"email\" type=\"text\">\r\n                         <button class=\"btn btn-primary newsletter_form_button\" type=\"submit\">Assinar<\/button>\r\n                         <span id=\"newsletterResponse\" class=\"btn btn-primary hidden\">MESSAGE<\/span><input type=\"hidden\" name=\"nonce\" id=\"nonce\" value=\"125cf54a26\"><\/form><\/div><\/div>  <\/div>  <\/div><\/section>\n","protected":false},"excerpt":{"rendered":"DX FUELOtimizador de combust\u00edvel \u00e9 com a gente!Escrit\u00f3rio Comercial: (19) 3441-3790 | (19) 3441-4657 E-mail:\u00a0contato@dxfuel.com.br Nome E-mail Assunto Mensagem INSCREVA-SE PARA RECEBER A NOSSA NEWSLETTER\u00c9 f\u00e1cil e r\u00e1pido Assinar MESSAGE","protected":false},"author":1,"featured_media":0,"parent":0,"menu_order":6,"comment_status":"closed","ping_status":"closed","template":"","meta":{"footnotes":""},"class_list":["post-23","page","type-page","status-publish","hentry"],"_links":{"self":[{"href":"https:\/\/dxfuel.com.br\/site\/wp-json\/wp\/v2\/pages\/23","targetHints":{"allow":["GET"]}}],"collection":[{"href":"https:\/\/dxfuel.com.br\/site\/wp-json\/wp\/v2\/pages"}],"about":[{"href":"https:\/\/dxfuel.com.br\/site\/wp-json\/wp\/v2\/types\/page"}],"author":[{"embeddable":true,"href":"https:\/\/dxfuel.com.br\/site\/wp-json\/wp\/v2\/users\/1"}],"replies":[{"embeddable":true,"href":"https:\/\/dxfuel.com.br\/site\/wp-json\/wp\/v2\/comments?post=23"}],"version-history":[{"count":11,"href":"https:\/\/dxfuel.com.br\/site\/wp-json\/wp\/v2\/pages\/23\/revisions"}],"predecessor-version":[{"id":2595,"href":"https:\/\/dxfuel.com.br\/site\/wp-json\/wp\/v2\/pages\/23\/revisions\/2595"}],"wp:attachment":[{"href":"https:\/\/dxfuel.com.br\/site\/wp-json\/wp\/v2\/media?parent=23"}],"curies":[{"name":"wp","href":"https:\/\/api.w.org\/{rel}","templated":true}]}}