{"id":21,"date":"2014-08-25T12:40:20","date_gmt":"2014-08-25T12:40:20","guid":{"rendered":"http:\/\/plethorathemes.com\/dev\/cleanstart\/?page_id=21"},"modified":"2016-03-16T14:01:14","modified_gmt":"2016-03-16T14:01:14","slug":"duvidas","status":"publish","type":"page","link":"https:\/\/dxfuel.com.br\/site\/duvidas\/","title":{"rendered":"D\u00daVIDAS"},"content":{"rendered":"<section id=\"\"  class=\"light\"> <div class=\"container\">  <div class=\"row\"><div class=\"col-md-6  text-default\" >\n\t<div class=\"wpb_single_image wpb_content_element vc_align_left\">\n\t\t<div class=\"wpb_wrapper\">\n\t\t\t\n\t\t\t<img decoding=\"async\" width=\"300\" height=\"364\" data-src=\"https:\/\/dxfuel.com.br\/site\/wp-content\/uploads\/2014\/08\/produtos2.png\" class=\"vc_box_border_grey attachment-full lazyload\" alt=\"\" data-srcset=\"https:\/\/dxfuel.com.br\/site\/wp-content\/uploads\/2014\/08\/produtos2.png 300w, https:\/\/dxfuel.com.br\/site\/wp-content\/uploads\/2014\/08\/produtos2-247x300.png 247w\" data-sizes=\"(max-width: 300px) 100vw, 300px\" src=\"data:image\/svg+xml;base64,PHN2ZyB3aWR0aD0iMSIgaGVpZ2h0PSIxIiB4bWxucz0iaHR0cDovL3d3dy53My5vcmcvMjAwMC9zdmciPjwvc3ZnPg==\" style=\"--smush-placeholder-width: 300px; --smush-placeholder-aspect-ratio: 300\/364;\" \/>\n\t\t<\/div> \n\t<\/div> <\/div><div class=\"col-md-6  text-default\" >\n\t<div class=\"wpb_text_column wpb_content_element \">\n\t\t<div class=\"wpb_wrapper\">\n\t\t\t<ul>\n<ul>\n<li><strong>O que \u00e9 um Otimizador de Combust\u00edvel?<\/strong><br \/>\nOtimizadores de combust\u00edvel s\u00e3o produtos de alta tecnologia que possuem a fun\u00e7\u00e3o de purifica\u00e7\u00e3o e filtragem qu\u00edmica do combust\u00edvel f\u00f3ssil ou vegetal, tornando os produtos 100% aproveit\u00e1veis.<\/li>\n<\/ul>\n<\/ul>\n<p>&nbsp;<\/p>\n<ul>\n<ul>\n<li><a name=\"2\"><\/a><strong>Como ele age?<\/strong><br \/>\nEle age isolando as mol\u00e9culas de \u00e1gua presentes no combust\u00edvel, liberando em seguida o oxig\u00eanio e o separando do hidrog\u00eanio.<br \/>\nH2O = 2H + O.<\/li>\n<\/ul>\n<\/ul>\n<p>&nbsp;<\/p>\n<ul>\n<ul>\n<li><a name=\"3\"><\/a><strong>E para onde v\u00e3o essas mol\u00e9culas?<\/strong><br \/>\nO Oxig\u00eanio \u00e9 dispersado no tanque e o hidrog\u00eanio se liga na cadeia de hidrocarbonetos do combust\u00edvel seguindo para queima.<\/li>\n<\/ul>\n<\/ul>\n<p>&nbsp;<\/p>\n<ul>\n<ul>\n<li><a name=\"4\"><\/a><strong>Qual \u00e9 a vantagem em se utilizar o DX?<\/strong><br \/>\nCombust\u00edvel purificado melhora o processo de queima, n\u00e3o deixa res\u00edduos de borra no sistema, e gera ganho na performance do motor, retomada de velocidade, fim dos engasgos, limpeza de todo sistema de alimenta\u00e7\u00e3o e purifica\u00e7\u00e3o, lubrifica\u00e7\u00e3o de bombas e bicos e economia no consumo de combust\u00edvel.<\/li>\n<\/ul>\n<\/ul>\n<p>&nbsp;<\/p>\n<ul>\n<ul>\n<li><a name=\"5\"><\/a><strong>Qual a propor\u00e7\u00e3o do DX que utilizo em meu tanque?<\/strong><br \/>\nO Otimizador DX \u00e9 formulado para se utilizar em uma propor\u00e7\u00e3o que satisfa\u00e7a e trate o combust\u00edvel de forma precisa.<br \/>\nPara ve\u00edculos movidos a Diesel e\/ou Biodiesel recomenda-se na propor\u00e7\u00e3o de 1 litro de DX para 1.000 litros de combust\u00edvel para tratamento intensivo (tanques estacion\u00e1rios muito contaminados), e para manuten\u00e7\u00e3o, ou seja, ap\u00f3s este tratamento inicial, pode-se usar 1 litro de Dx para at\u00e9 2.000 litros de combust\u00edvel. Para ve\u00edculos Flex, na propor\u00e7\u00e3o de 1 litro para at\u00e9 2.000 litros de combust\u00edvel, ou seja, 40ml para at\u00e9 80 litros de gasolina e\/ou etanol.<br \/>\nPara motos, 20ml de DX trata at\u00e9 20 litros de combust\u00edvel e para partida a frio, 20ml de Dx trata at\u00e9 4 litros. Lembrando que n\u00e3o existe excessos para o uso do DX, ou seja, estas quantidades s\u00e3o as indicadas para usufruir de todos os benef\u00edcios, mas se usar mais DX em menos combust\u00edvel o resultado ser\u00e1 igual e n\u00e3o prejudicar\u00e1 o ve\u00edculo.<\/li>\n<\/ul>\n<\/ul>\n<p>&nbsp;<\/p>\n<ul>\n<ul>\n<li><a name=\"6\"><\/a><strong>O valor do combust\u00edvel nacional \u00e9 um dos respons\u00e1veis pelo alto custo de frete e deslocamento veicular, em quanto encarece esse tratamento?<\/strong><br \/>\nUm dos melhores pontos do valor do DX \u00e9 o custo benef\u00edcio. O valor agregado na mistura \u00e9 dilu\u00eddo no aumento da durabilidade de pe\u00e7as e filtros, al\u00e9m do ganho imediato em consumo, fazendo com que o cliente economize em valores mais que investe no tratamento. Vale ressaltar que, como o DX aumenta a pot\u00eancia do motor, o c\u00e1lculo para a m\u00e9dia de consumo utilizando-se o DX deve ser sempre comparada nas mesmas condi\u00e7\u00f5es de rodagem (velocidade\/ peso \/ marcha \/ trecho).<\/li>\n<\/ul>\n<\/ul>\n<p>&nbsp;<\/p>\n<ul>\n<ul>\n<li><a name=\"7\"><\/a><strong>A longo prazo qual dano essa mistura pode causar no motor?<\/strong><br \/>\nN\u00e3o h\u00e1 dano nem efeitos colaterais na utiliza\u00e7\u00e3o do DX. O efeito de purifica\u00e7\u00e3o deixa uma queima mais limpa, preservando assim pe\u00e7as e componentes por um per\u00edodo superior ao combust\u00edvel sem tratamento.<\/li>\n<\/ul>\n<\/ul>\n<p>&nbsp;<\/p>\n<ul>\n<ul>\n<li><a name=\"8\"><\/a><strong>Por se tratar de um produto para combust\u00edvel sua produ\u00e7\u00e3o e comercializa\u00e7\u00e3o \u00e9 fiscalizada por algum \u00f3rg\u00e3o p\u00fablico?<\/strong><br \/>\nTodo procedimento necess\u00e1rio para fabrica\u00e7\u00e3o e comercializa\u00e7\u00e3o do DX \u00e9 autorizado pelas autarquias e \u00f3rg\u00e3os governamentais.<br \/>\nO DX tem aval de Prefeitura, IBAMA (Instituto Brasileiro do Meio Ambiente e dos Recursos Naturais Renov\u00e1veis), Vigil\u00e2ncia Sanit\u00e1ria,Bombeiros, CETESB (Companhia de Tecnologia de Saneamento Ambiental, ligada \u00e0 Secretaria do Meio Ambiente do governo paulista) e da ANP (Ag\u00eancia Nacional do Petr\u00f3leo, G\u00e1s Natural e Biocombust\u00edveis), que \u00e9 o respons\u00e1vel pela fiscaliza\u00e7\u00e3o na \u00e1rea de combust\u00edveis. Pode se encontrar nossos registros no site da ANP atrav\u00e9s do endere\u00e7o <strong><a href=\"http:\/\/www.anp.gov.br\/rgp\">www.anp.gov.br\/rgp<\/a><\/strong><\/li>\n<\/ul>\n<\/ul>\n<p>&nbsp;<\/p>\n<ul>\n<ul>\n<li><a name=\"9\"><\/a><strong>Com a modifica\u00e7\u00e3o do Diesel no mercado nacional para S-10 e a inclus\u00e3o do Arla ainda se torna importante o tratamento do combust\u00edvel? Eles n\u00e3o foram desenvolvidos para tamb\u00e9m melhorarem desempenho e polui\u00e7\u00e3o?<\/strong><br \/>\nMesmo o combust\u00edvel S-10 possui enxofre (SO3) que reage com a umidade natural e formada por condensa\u00e7\u00e3o (H2O) no Diesel, formando assim o \u00e1cido sulf\u00farico (H2SO4) , que \u00e9 respons\u00e1vel pela cavita\u00e7\u00e3o nas pe\u00e7as met\u00e1licas e forma\u00e7\u00e3o de borra. O DX inibe essa forma\u00e7\u00e3o. E quanto \u00e0 Ur\u00e9ia presente no Arla n\u00e3o interfere no tratamento, portanto mesmo para esses combust\u00edveis o Dx \u00e9 necess\u00e1rio quando se quer ganhar em melhoria.<\/li>\n<\/ul>\n<\/ul>\n<p>&nbsp;<\/p>\n<ul>\n<li><a name=\"10\"><\/a><strong>Devo utilizar o DX em todo abastecimento?<\/strong><br \/>\nPara tanques estacion\u00e1rios o ideal \u00e9 sempre utilizar DX na propor\u00e7\u00e3o acima a cada descarregamento, a fim de preservar o combust\u00edvel ainda contido no mesmo. Por se tratar de um produto que age diretamente no combust\u00edvel, a cada abastecimento \u00e9 conveniente se tratar o novo combust\u00edvel.<\/li>\n<\/ul>\n\n\t\t<\/div> \n\t<\/div> <\/div>  <\/div>  <\/div><\/section>\n","protected":false},"excerpt":{"rendered":"O que \u00e9 um Otimizador de Combust\u00edvel? Otimizadores de combust\u00edvel s\u00e3o produtos de alta tecnologia que possuem a fun\u00e7\u00e3o de purifica\u00e7\u00e3o e filtragem qu\u00edmica do combust\u00edvel f\u00f3ssil ou vegetal, tornando os produtos 100% aproveit\u00e1veis. &nbsp; Como ele age? Ele age isolando as mol\u00e9culas de \u00e1gua presentes no combust\u00edvel, liberando em seguida o oxig\u00eanio e o [...]","protected":false},"author":1,"featured_media":0,"parent":0,"menu_order":5,"comment_status":"closed","ping_status":"closed","template":"","meta":{"footnotes":""},"class_list":["post-21","page","type-page","status-publish","hentry"],"_links":{"self":[{"href":"https:\/\/dxfuel.com.br\/site\/wp-json\/wp\/v2\/pages\/21","targetHints":{"allow":["GET"]}}],"collection":[{"href":"https:\/\/dxfuel.com.br\/site\/wp-json\/wp\/v2\/pages"}],"about":[{"href":"https:\/\/dxfuel.com.br\/site\/wp-json\/wp\/v2\/types\/page"}],"author":[{"embeddable":true,"href":"https:\/\/dxfuel.com.br\/site\/wp-json\/wp\/v2\/users\/1"}],"replies":[{"embeddable":true,"href":"https:\/\/dxfuel.com.br\/site\/wp-json\/wp\/v2\/comments?post=21"}],"version-history":[{"count":8,"href":"https:\/\/dxfuel.com.br\/site\/wp-json\/wp\/v2\/pages\/21\/revisions"}],"predecessor-version":[{"id":2532,"href":"https:\/\/dxfuel.com.br\/site\/wp-json\/wp\/v2\/pages\/21\/revisions\/2532"}],"wp:attachment":[{"href":"https:\/\/dxfuel.com.br\/site\/wp-json\/wp\/v2\/media?parent=21"}],"curies":[{"name":"wp","href":"https:\/\/api.w.org\/{rel}","templated":true}]}}