{"id":2048,"date":"2015-03-08T17:44:07","date_gmt":"2015-03-08T17:44:07","guid":{"rendered":"http:\/\/dxfuel.com.br\/site\/?page_id=2048"},"modified":"2019-05-14T20:06:37","modified_gmt":"2019-05-14T20:06:37","slug":"gasolina-flex","status":"publish","type":"page","link":"https:\/\/dxfuel.com.br\/site\/produtos\/gasolina-flex\/","title":{"rendered":"Gasolina \/ Flex"},"content":{"rendered":"<section id=\"\"  class=\"light_section\"> <div class=\"container\">  <div class=\"row\"><div class=\"col-md-6  text-default\" style=\"border-right:1px solid #cccccc;\">\n\t<div class=\"wpb_single_image wpb_content_element vc_align_center\">\n\t\t<div class=\"wpb_wrapper\">\n\t\t\t\n\t\t\t<img decoding=\"async\" width=\"800\" height=\"800\" data-src=\"https:\/\/dxfuel.com.br\/site\/wp-content\/uploads\/2015\/03\/dxsitegaso.png\" class=\"vc_box_border_grey attachment-full lazyload\" alt=\"\" data-srcset=\"https:\/\/dxfuel.com.br\/site\/wp-content\/uploads\/2015\/03\/dxsitegaso.png 800w, https:\/\/dxfuel.com.br\/site\/wp-content\/uploads\/2015\/03\/dxsitegaso-150x150.png 150w, https:\/\/dxfuel.com.br\/site\/wp-content\/uploads\/2015\/03\/dxsitegaso-300x300.png 300w, https:\/\/dxfuel.com.br\/site\/wp-content\/uploads\/2015\/03\/dxsitegaso-210x210.png 210w\" data-sizes=\"(max-width: 800px) 100vw, 800px\" src=\"data:image\/svg+xml;base64,PHN2ZyB3aWR0aD0iMSIgaGVpZ2h0PSIxIiB4bWxucz0iaHR0cDovL3d3dy53My5vcmcvMjAwMC9zdmciPjwvc3ZnPg==\" style=\"--smush-placeholder-width: 800px; --smush-placeholder-aspect-ratio: 800\/800;\" \/>\n\t\t<\/div> \n\t<\/div> <\/div><div class=\"col-md-6  text-default\" >\n\t<div class=\"wpb_text_column wpb_content_element  vc_custom_1557864379752\">\n\t\t<div class=\"wpb_wrapper\">\n\t\t\t<h2>DX Injector Fuel<\/h2>\n<p>Otimizador de combust\u00edvel para motores movidos a Gasolina, Etanol ou Flex.<br \/>\n<b>Categoria:<\/b> GASOLINA \/ FLEX<br \/>\n<b>Embalagens<\/b>: 40ml \/\u00a0250ml \/ 1 litro \/ 5 litros \/ 20 litros<\/p>\n<div class=\"feature_teaser\"><\/div>\n\n\t\t<\/div> \n\t<\/div>    <div class=\"row\"><div class=\"col-md-12  text-default\">\n\t<div class=\"wpb_text_column wpb_content_element  vc_custom_1458088825336\">\n\t\t<div class=\"wpb_wrapper\">\n\t\t\t<h4 style=\"text-align: center;\">UTILIDADE<\/h4>\n<p style=\"text-align: center;\">Corrige as impurezas e estabiliza a combust\u00e3o produzindo queima limpa e uniforme, gerando mais pot\u00eancia ao motor, economia de combust\u00edvel e elimina\u00e7\u00e3o das emiss\u00f5es de poluentes e particulados para atmosfera.<\/p>\n<h4 style=\"text-align: center;\">INDICA\u00c7\u00c3O<\/h4>\n<p style=\"text-align: center;\">Autom\u00f3veis, motores Flex, ve\u00edculos de competi\u00e7\u00e3o, aeronaves, barcos, empilhadeiras, equipamentos agr\u00edcolas, ferramentas, geradores, motores dois tempos, motos aqu\u00e1ticas.<\/p>\n<h4 style=\"text-align: center;\">APLICA\u00c7\u00c3O<\/h4>\n<p style=\"text-align: center;\">Pode ser aplicado diretamente nos ve\u00edculos durante os abastecimentos ou nos tanques estacion\u00e1rios.<\/p>\n<h4 style=\"text-align: center;\">MODO DE USAR<\/h4>\n<p style=\"text-align: center;\">Propor\u00e7\u00e3o de 1 litro de DX Injector Fuel para at\u00e9 1.000 litros de combust\u00edvel.<\/p>\n\n\t\t<\/div> \n\t<\/div> <\/div>    <\/div><\/div>  <\/div>  <\/div><\/section>\n","protected":false},"excerpt":{"rendered":"DX Injector Fuel Otimizador de combust\u00edvel para motores movidos a Gasolina, Etanol ou Flex. Categoria: GASOLINA \/ FLEX Embalagens: 40ml \/\u00a0250ml \/ 1 litro \/ 5 litros \/ 20 litros UTILIDADE Corrige as impurezas e estabiliza a combust\u00e3o produzindo queima limpa e uniforme, gerando mais pot\u00eancia ao motor, economia de combust\u00edvel e elimina\u00e7\u00e3o das emiss\u00f5es [...]","protected":false},"author":1,"featured_media":0,"parent":14,"menu_order":0,"comment_status":"closed","ping_status":"closed","template":"","meta":{"footnotes":""},"class_list":["post-2048","page","type-page","status-publish","hentry"],"_links":{"self":[{"href":"https:\/\/dxfuel.com.br\/site\/wp-json\/wp\/v2\/pages\/2048","targetHints":{"allow":["GET"]}}],"collection":[{"href":"https:\/\/dxfuel.com.br\/site\/wp-json\/wp\/v2\/pages"}],"about":[{"href":"https:\/\/dxfuel.com.br\/site\/wp-json\/wp\/v2\/types\/page"}],"author":[{"embeddable":true,"href":"https:\/\/dxfuel.com.br\/site\/wp-json\/wp\/v2\/users\/1"}],"replies":[{"embeddable":true,"href":"https:\/\/dxfuel.com.br\/site\/wp-json\/wp\/v2\/comments?post=2048"}],"version-history":[{"count":6,"href":"https:\/\/dxfuel.com.br\/site\/wp-json\/wp\/v2\/pages\/2048\/revisions"}],"predecessor-version":[{"id":2810,"href":"https:\/\/dxfuel.com.br\/site\/wp-json\/wp\/v2\/pages\/2048\/revisions\/2810"}],"up":[{"embeddable":true,"href":"https:\/\/dxfuel.com.br\/site\/wp-json\/wp\/v2\/pages\/14"}],"wp:attachment":[{"href":"https:\/\/dxfuel.com.br\/site\/wp-json\/wp\/v2\/media?parent=2048"}],"curies":[{"name":"wp","href":"https:\/\/api.w.org\/{rel}","templated":true}]}}