{"id":2047,"date":"2015-03-08T17:51:49","date_gmt":"2015-03-08T17:51:49","guid":{"rendered":"http:\/\/dxfuel.com.br\/site\/?page_id=2047"},"modified":"2019-05-14T20:06:33","modified_gmt":"2019-05-14T20:06:33","slug":"partida-a-frio-2","status":"publish","type":"page","link":"https:\/\/dxfuel.com.br\/site\/produtos\/partida-a-frio-2\/","title":{"rendered":"Partida a Frio"},"content":{"rendered":"<section id=\"\"  class=\"light_section\"> <div class=\"container\">  <div class=\"row\"><div class=\"col-md-6  text-default\" style=\"border-right:1px solid #cccccc;\">\n\t<div class=\"wpb_single_image wpb_content_element vc_align_center\">\n\t\t<div class=\"wpb_wrapper\">\n\t\t\t\n\t\t\t<img decoding=\"async\" width=\"700\" height=\"813\" data-src=\"https:\/\/dxfuel.com.br\/site\/wp-content\/uploads\/2015\/03\/PARTIDA-FRIO-NOVO.png\" class=\"vc_box_border_grey attachment-full lazyload\" alt=\"\" data-srcset=\"https:\/\/dxfuel.com.br\/site\/wp-content\/uploads\/2015\/03\/PARTIDA-FRIO-NOVO.png 700w, https:\/\/dxfuel.com.br\/site\/wp-content\/uploads\/2015\/03\/PARTIDA-FRIO-NOVO-258x300.png 258w\" data-sizes=\"(max-width: 700px) 100vw, 700px\" src=\"data:image\/svg+xml;base64,PHN2ZyB3aWR0aD0iMSIgaGVpZ2h0PSIxIiB4bWxucz0iaHR0cDovL3d3dy53My5vcmcvMjAwMC9zdmciPjwvc3ZnPg==\" style=\"--smush-placeholder-width: 700px; --smush-placeholder-aspect-ratio: 700\/813;\" \/>\n\t\t<\/div> \n\t<\/div> <\/div><div class=\"col-md-6  text-default\" >\n\t<div class=\"wpb_text_column wpb_content_element  vc_custom_1557864388813\">\n\t\t<div class=\"wpb_wrapper\">\n\t\t\t<h2>DX Injector Fuel Partida a Frio<\/h2>\n<p>Otimizador de combust\u00edvel desenvolvido especialmente para reservat\u00f3rios de Partida a Frio de ve\u00edculos movidos a Gasolina, Etanol ou Flex.<br \/>\n<b><b>Categoria:<\/b> <\/b>PARTIDA A FRIO<b><br \/>\nEmbalagens<\/b>: 20ml.<\/p>\n<div class=\"feature_teaser\"><\/div>\n\n\t\t<\/div> \n\t<\/div>    <div class=\"row\"><div class=\"col-md-12  text-default\">\n\t<div class=\"wpb_text_column wpb_content_element  vc_custom_1425837053789\">\n\t\t<div class=\"wpb_wrapper\">\n\t\t\t<h4 style=\"text-align: center;\">UTILIDADE<\/h4>\n<p style=\"text-align: center;\">Trata e limpa o combust\u00edvel do reservat\u00f3rio, estabilizando assim a combust\u00e3o e proporcionando uma perfeita e r\u00e1pida igni\u00e7\u00e3o, sem agredir o motor.<\/p>\n<h4 style=\"text-align: center;\">INDICA\u00c7\u00c3O<\/h4>\n<p style=\"text-align: center;\">Reservat\u00f3rios de Partida a Frio.<\/p>\n<h4 style=\"text-align: center;\">APLICA\u00c7\u00c3O<\/h4>\n<p style=\"text-align: center;\">Deve ser aplicado diretamente nos reservat\u00f3rios de Partida a Frio dos ve\u00edculos.<\/p>\n<h4 style=\"text-align: center;\">MODO DE USAR<\/h4>\n<p style=\"text-align: center;\">Propor\u00e7\u00e3o de 20ml de DX Injector Fuel Partida a Frio trata at\u00e9 4 litros de combust\u00edvel.<\/p>\n\n\t\t<\/div> \n\t<\/div> <\/div>    <\/div><\/div>  <\/div>  <\/div><\/section>\n","protected":false},"excerpt":{"rendered":"DX Injector Fuel Partida a Frio Otimizador de combust\u00edvel desenvolvido especialmente para reservat\u00f3rios de Partida a Frio de ve\u00edculos movidos a Gasolina, Etanol ou Flex. Categoria: PARTIDA A FRIO Embalagens: 20ml. UTILIDADE Trata e limpa o combust\u00edvel do reservat\u00f3rio, estabilizando assim a combust\u00e3o e proporcionando uma perfeita e r\u00e1pida igni\u00e7\u00e3o, sem agredir o motor. INDICA\u00c7\u00c3O [...]","protected":false},"author":1,"featured_media":0,"parent":14,"menu_order":0,"comment_status":"closed","ping_status":"closed","template":"","meta":{"footnotes":""},"class_list":["post-2047","page","type-page","status-publish","hentry"],"_links":{"self":[{"href":"https:\/\/dxfuel.com.br\/site\/wp-json\/wp\/v2\/pages\/2047","targetHints":{"allow":["GET"]}}],"collection":[{"href":"https:\/\/dxfuel.com.br\/site\/wp-json\/wp\/v2\/pages"}],"about":[{"href":"https:\/\/dxfuel.com.br\/site\/wp-json\/wp\/v2\/types\/page"}],"author":[{"embeddable":true,"href":"https:\/\/dxfuel.com.br\/site\/wp-json\/wp\/v2\/users\/1"}],"replies":[{"embeddable":true,"href":"https:\/\/dxfuel.com.br\/site\/wp-json\/wp\/v2\/comments?post=2047"}],"version-history":[{"count":3,"href":"https:\/\/dxfuel.com.br\/site\/wp-json\/wp\/v2\/pages\/2047\/revisions"}],"predecessor-version":[{"id":2808,"href":"https:\/\/dxfuel.com.br\/site\/wp-json\/wp\/v2\/pages\/2047\/revisions\/2808"}],"up":[{"embeddable":true,"href":"https:\/\/dxfuel.com.br\/site\/wp-json\/wp\/v2\/pages\/14"}],"wp:attachment":[{"href":"https:\/\/dxfuel.com.br\/site\/wp-json\/wp\/v2\/media?parent=2047"}],"curies":[{"name":"wp","href":"https:\/\/api.w.org\/{rel}","templated":true}]}}