{"id":2008,"date":"2015-03-05T21:56:31","date_gmt":"2015-03-05T21:56:31","guid":{"rendered":"http:\/\/dxfuel.com.br\/site\/?page_id=2008"},"modified":"2019-05-14T20:06:02","modified_gmt":"2019-05-14T20:06:02","slug":"diesel","status":"publish","type":"page","link":"https:\/\/dxfuel.com.br\/site\/produtos\/diesel\/","title":{"rendered":"Diesel"},"content":{"rendered":"<section id=\"\"  class=\"light_section\"> <div class=\"container\">  <div class=\"row\"><div class=\"col-md-6  text-default\" style=\"border-right:1px solid #cccccc;\">\n\t<div class=\"wpb_single_image wpb_content_element vc_align_center\">\n\t\t<div class=\"wpb_wrapper\">\n\t\t\t\n\t\t\t<img decoding=\"async\" width=\"800\" height=\"800\" data-src=\"https:\/\/dxfuel.com.br\/site\/wp-content\/uploads\/2015\/03\/dxsite.png\" class=\"vc_box_border_grey attachment-full lazyload\" alt=\"\" data-srcset=\"https:\/\/dxfuel.com.br\/site\/wp-content\/uploads\/2015\/03\/dxsite.png 800w, https:\/\/dxfuel.com.br\/site\/wp-content\/uploads\/2015\/03\/dxsite-150x150.png 150w, https:\/\/dxfuel.com.br\/site\/wp-content\/uploads\/2015\/03\/dxsite-300x300.png 300w, https:\/\/dxfuel.com.br\/site\/wp-content\/uploads\/2015\/03\/dxsite-210x210.png 210w\" data-sizes=\"(max-width: 800px) 100vw, 800px\" src=\"data:image\/svg+xml;base64,PHN2ZyB3aWR0aD0iMSIgaGVpZ2h0PSIxIiB4bWxucz0iaHR0cDovL3d3dy53My5vcmcvMjAwMC9zdmciPjwvc3ZnPg==\" style=\"--smush-placeholder-width: 800px; --smush-placeholder-aspect-ratio: 800\/800;\" \/>\n\t\t<\/div> \n\t<\/div> <\/div><div class=\"col-md-6  text-default\" >\n\t<div class=\"wpb_text_column wpb_content_element  vc_custom_1557864357022\">\n\t\t<div class=\"wpb_wrapper\">\n\t\t\t<h2>DX Diesel Fuel<\/h2>\n<p>Otimizador de combust\u00edvel para motores movidos a Diesel e\/ou Biodiesel<\/p>\n<p>&nbsp;<\/p>\n<p><b>Categoria:<\/b> DIESEL<br \/>\n<b>Embalagens<\/b>: 20 litros \/ 1 litro \/5 litros \/ 250ml \/ 40ml<\/p>\n<div class=\"feature_teaser\"><\/div>\n\n\t\t<\/div> \n\t<\/div>    <div class=\"row\"><div class=\"col-md-12  text-default\">\n\t<div class=\"wpb_text_column wpb_content_element  vc_custom_1458088904180\">\n\t\t<div class=\"wpb_wrapper\">\n\t\t\t<h4 style=\"text-align: center;\">UTILIDADE<\/h4>\n<p style=\"text-align: center;\">Corrige e resolve em definitivo os problemas ocasionados pela presen\u00e7a de \u00e1gua e enxofre no Diesel e Biodiesel, potencializa ao extremo a capacidade e efic\u00e1cia dos motores e equipamentos. Age na elimina\u00e7\u00e3o das borras e res\u00edduos causados pelo ac\u00famulo de \u00e1cido sulf\u00farico resultante da mistura de \u00e1gua e enxofre.<\/p>\n<h4 style=\"text-align: center;\">INDICA\u00c7\u00c3O<\/h4>\n<p style=\"text-align: center;\">Caminh\u00f5es, \u00f4nibus, micro-\u00f4nibus, vans, utilit\u00e1rios, escavadeiras, tratores, grupos geradores, embarca\u00e7\u00f5es de esporte e recreio, barca\u00e7as, rebocadores, navios, Diesel mar\u00edtimo, IFO 180 e IFO 380, caldeiras, equipamentos industriais, combust\u00edvel BPF, XISTO, OC e \u00e1cidos graxos, Diesel S10, S50, S500, S1800.<\/p>\n<h4 style=\"text-align: center;\">APLICA\u00c7\u00c3O<\/h4>\n<p style=\"text-align: center;\">Pode ser aplicado diretamente nos ve\u00edculos durante os abastecimentos ou nos tanques estacion\u00e1rios.<\/p>\n<h4 style=\"text-align: center;\">MODO DE USAR<\/h4>\n<p style=\"text-align: center;\">Propor\u00e7\u00e3o de 1 litro de DX Diesel Fuel para cada 1.000 litros de combust\u00edvel<\/p>\n\n\t\t<\/div> \n\t<\/div> <\/div>    <\/div><\/div>  <\/div>  <\/div><\/section>\n","protected":false},"excerpt":{"rendered":"DX Diesel Fuel Otimizador de combust\u00edvel para motores movidos a Diesel e\/ou Biodiesel &nbsp; Categoria: DIESEL Embalagens: 20 litros \/ 1 litro \/5 litros \/ 250ml \/ 40ml UTILIDADE Corrige e resolve em definitivo os problemas ocasionados pela presen\u00e7a de \u00e1gua e enxofre no Diesel e Biodiesel, potencializa ao extremo a capacidade e efic\u00e1cia dos [...]","protected":false},"author":1,"featured_media":0,"parent":14,"menu_order":0,"comment_status":"closed","ping_status":"closed","template":"","meta":{"footnotes":""},"class_list":["post-2008","page","type-page","status-publish","hentry"],"_links":{"self":[{"href":"https:\/\/dxfuel.com.br\/site\/wp-json\/wp\/v2\/pages\/2008","targetHints":{"allow":["GET"]}}],"collection":[{"href":"https:\/\/dxfuel.com.br\/site\/wp-json\/wp\/v2\/pages"}],"about":[{"href":"https:\/\/dxfuel.com.br\/site\/wp-json\/wp\/v2\/types\/page"}],"author":[{"embeddable":true,"href":"https:\/\/dxfuel.com.br\/site\/wp-json\/wp\/v2\/users\/1"}],"replies":[{"embeddable":true,"href":"https:\/\/dxfuel.com.br\/site\/wp-json\/wp\/v2\/comments?post=2008"}],"version-history":[{"count":25,"href":"https:\/\/dxfuel.com.br\/site\/wp-json\/wp\/v2\/pages\/2008\/revisions"}],"predecessor-version":[{"id":2807,"href":"https:\/\/dxfuel.com.br\/site\/wp-json\/wp\/v2\/pages\/2008\/revisions\/2807"}],"up":[{"embeddable":true,"href":"https:\/\/dxfuel.com.br\/site\/wp-json\/wp\/v2\/pages\/14"}],"wp:attachment":[{"href":"https:\/\/dxfuel.com.br\/site\/wp-json\/wp\/v2\/media?parent=2008"}],"curies":[{"name":"wp","href":"https:\/\/api.w.org\/{rel}","templated":true}]}}