{"id":1986,"date":"2015-03-03T22:20:22","date_gmt":"2015-03-03T22:20:22","guid":{"rendered":"http:\/\/dxfuel.com.br\/site\/?page_id=1986"},"modified":"2015-05-20T00:22:21","modified_gmt":"2015-05-20T00:22:21","slug":"informacoes","status":"publish","type":"page","link":"https:\/\/dxfuel.com.br\/site\/informacoes\/","title":{"rendered":"T\u00c9CNICAS"},"content":{"rendered":"<section id=\"\"  class=\"light\"> <div class=\"container\">  <div class=\"row\"><div class=\"col-md-6  text-default\" >\n\t<div class=\"wpb_single_image wpb_content_element vc_align_left\">\n\t\t<div class=\"wpb_wrapper\">\n\t\t\t\n\t\t\t<img decoding=\"async\" width=\"300\" height=\"364\" data-src=\"https:\/\/dxfuel.com.br\/site\/wp-content\/uploads\/2014\/08\/produtos2.png\" class=\"vc_box_border_grey attachment-full lazyload\" alt=\"\" data-srcset=\"https:\/\/dxfuel.com.br\/site\/wp-content\/uploads\/2014\/08\/produtos2.png 300w, https:\/\/dxfuel.com.br\/site\/wp-content\/uploads\/2014\/08\/produtos2-247x300.png 247w\" data-sizes=\"(max-width: 300px) 100vw, 300px\" src=\"data:image\/svg+xml;base64,PHN2ZyB3aWR0aD0iMSIgaGVpZ2h0PSIxIiB4bWxucz0iaHR0cDovL3d3dy53My5vcmcvMjAwMC9zdmciPjwvc3ZnPg==\" style=\"--smush-placeholder-width: 300px; --smush-placeholder-aspect-ratio: 300\/364;\" \/>\n\t\t<\/div> \n\t<\/div> <\/div><div class=\"col-md-6  text-default\" >\n\t<div class=\"wpb_text_column wpb_content_element \">\n\t\t<div class=\"wpb_wrapper\">\n\t\t\t<p>A fam\u00edlia de Otimizadores de Combust\u00edvel da DX (DX Injector Fuel, DX Diesel Fuel, DX Moto Fuel e DX Partida a Frio Fuel) \u00e9 um grupo de produtos de alta tecnologia no tratamento e purifica\u00e7\u00e3o dos diversos tipos de combust\u00edvel do mercado nacional (Diesel, Gasolina, Etanol, BPF, \u00c1cido Graxo, etc).<\/p>\n<p>Sua fun\u00e7\u00e3o \u00e9 a total elimina\u00e7\u00e3o de umidade presente nos combust\u00edveis, transformando um contaminante em elemento de queima.<\/p>\n<p>Sua f\u00f3rmula dispersa as mol\u00e9culas de \u00e1gua presentes no combust\u00edvel, respons\u00e1vel pela diminui\u00e7\u00e3o da explos\u00e3o na igni\u00e7\u00e3o, inconst\u00e2ncia da queima e pela forma\u00e7\u00e3o de borras no sistema de combust\u00e3o. Tal dispers\u00e3o faz com que o combust\u00edvel se torne mais limpo e melhor aproveitado, gerando com isso melhor performance, durabilidade das pe\u00e7as e economia de combust\u00edvel.<\/p>\n<p>Os combust\u00edveis tratados com o Otimizador DX se tornam 100% aproveitados, livres de contaminante e umidade gerando as seguintes vantagens :<\/p>\n<ul>\n<li>Dispers\u00e3o total da \u00e1gua do combust\u00edvel.<\/li>\n<li>Redu\u00e7\u00e3o de fuma\u00e7a, material particulado e gases poluentes.<\/li>\n<li>Aumento da Pot\u00eancia do Motor.<\/li>\n<li>Anti congelamento.<\/li>\n<li>Lubrifica\u00e7\u00e3o do sistema de inje\u00e7\u00e3o.<\/li>\n<li>Economia de filtros e lubrificantes.<\/li>\n<li>Redu\u00e7\u00e3o nos custos de manuten\u00e7\u00e3o preventiva e parada corretiva.<\/li>\n<li>Economia no consumo por quilometro rodado e\/ou hora trabalhada.<\/li>\n<\/ul>\n\n\t\t<\/div> \n\t<\/div> <\/div>  <\/div>  <\/div><\/section><section id=\"\"  class=\"light_section\"> <div class=\"container\">  <div class=\"row\"><h2 class=\"section_header fancy centered\">Mais informa\u00e7\u00f5es:<\/h2><div class=\"col-md-3  text-default\" style=\"border-right:1px solid #ccc;\">\n\t<div class=\"wpb_single_image wpb_content_element vc_align_center\">\n\t\t<div class=\"wpb_wrapper\">\n\t\t\t<h2 class=\"wpb_heading wpb_singleimage_heading\">FISPQ DX FUEL<\/h2>\n\t\t\t<a href=\"http:\/\/dxfuel.com.br\/wp-content\/uploads\/2014\/01\/FISPQ-DX-FUEL.pdf\" target=\"_self\"><img decoding=\"async\" width=\"140\" height=\"200\" data-src=\"https:\/\/dxfuel.com.br\/site\/wp-content\/uploads\/2015\/03\/1fisq_dx_fuel.jpg\" class=\"vc_box_border vc_box_border_grey attachment-full lazyload\" alt=\"\" src=\"data:image\/svg+xml;base64,PHN2ZyB3aWR0aD0iMSIgaGVpZ2h0PSIxIiB4bWxucz0iaHR0cDovL3d3dy53My5vcmcvMjAwMC9zdmciPjwvc3ZnPg==\" style=\"--smush-placeholder-width: 140px; --smush-placeholder-aspect-ratio: 140\/200;\" \/><\/a>\n\t\t<\/div> \n\t<\/div> <\/div><div class=\"col-md-3  text-default\" style=\"border-right:1px solid #cccccc;\">\n\t<div class=\"wpb_single_image wpb_content_element vc_align_center\">\n\t\t<div class=\"wpb_wrapper\">\n\t\t\t<h2 class=\"wpb_heading wpb_singleimage_heading\">Boletim T\u00e9cnico<\/h2>\n\t\t\t<a href=\"http:\/\/dxfuel.com.br\/wp-content\/uploads\/2014\/01\/BOLETIM-TECNICO.pdf\" target=\"_self\"><img decoding=\"async\" width=\"140\" height=\"150\" data-src=\"https:\/\/dxfuel.com.br\/site\/wp-content\/uploads\/2015\/03\/2boletim_tecnico-140x150.jpg\" class=\"vc_box_border vc_box_border_grey attachment-thumbnail lazyload\" alt=\"\" src=\"data:image\/svg+xml;base64,PHN2ZyB3aWR0aD0iMSIgaGVpZ2h0PSIxIiB4bWxucz0iaHR0cDovL3d3dy53My5vcmcvMjAwMC9zdmciPjwvc3ZnPg==\" style=\"--smush-placeholder-width: 140px; --smush-placeholder-aspect-ratio: 140\/150;\" \/><\/a>\n\t\t<\/div> \n\t<\/div> <\/div><div class=\"col-md-3  text-default\" style=\"border-right:1px solid #cccccc;\">\n\t<div class=\"wpb_single_image wpb_content_element vc_align_center\">\n\t\t<div class=\"wpb_wrapper\">\n\t\t\t<h2 class=\"wpb_heading wpb_singleimage_heading\">Laudo Vulcano<\/h2>\n\t\t\t<a href=\"http:\/\/dxfuel.com.br\/wp-content\/uploads\/2014\/01\/LAUDO-VULCANO.pdf\" target=\"_self\"><img decoding=\"async\" width=\"140\" height=\"150\" data-src=\"https:\/\/dxfuel.com.br\/site\/wp-content\/uploads\/2015\/03\/3laudo_vulcano-140x150.jpg\" class=\"vc_box_border vc_box_border_grey attachment-thumbnail lazyload\" alt=\"\" src=\"data:image\/svg+xml;base64,PHN2ZyB3aWR0aD0iMSIgaGVpZ2h0PSIxIiB4bWxucz0iaHR0cDovL3d3dy53My5vcmcvMjAwMC9zdmciPjwvc3ZnPg==\" style=\"--smush-placeholder-width: 140px; --smush-placeholder-aspect-ratio: 140\/150;\" \/><\/a>\n\t\t<\/div> \n\t<\/div> <\/div><div class=\"col-md-3  text-default\" >\n\t<div class=\"wpb_single_image wpb_content_element vc_align_center\">\n\t\t<div class=\"wpb_wrapper\">\n\t\t\t<h2 class=\"wpb_heading wpb_singleimage_heading\">Tabela Informativa<\/h2>\n\t\t\t<a href=\"http:\/\/dxfuel.com.br\/wp-content\/uploads\/2014\/01\/TABELA-INFORMATIVA.pdf\" target=\"_self\"><img decoding=\"async\" width=\"140\" height=\"150\" data-src=\"https:\/\/dxfuel.com.br\/site\/wp-content\/uploads\/2015\/03\/4tabela_informativa-140x150.jpg\" class=\"vc_box_border vc_box_border_grey attachment-thumbnail lazyload\" alt=\"\" src=\"data:image\/svg+xml;base64,PHN2ZyB3aWR0aD0iMSIgaGVpZ2h0PSIxIiB4bWxucz0iaHR0cDovL3d3dy53My5vcmcvMjAwMC9zdmciPjwvc3ZnPg==\" style=\"--smush-placeholder-width: 140px; --smush-placeholder-aspect-ratio: 140\/150;\" \/><\/a>\n\t\t<\/div> \n\t<\/div> <\/div>  <\/div>  <\/div><\/section>\n","protected":false},"excerpt":{"rendered":"A fam\u00edlia de Otimizadores de Combust\u00edvel da DX (DX Injector Fuel, DX Diesel Fuel, DX Moto Fuel e DX Partida a Frio Fuel) \u00e9 um grupo de produtos de alta tecnologia no tratamento e purifica\u00e7\u00e3o dos diversos tipos de combust\u00edvel do mercado nacional (Diesel, Gasolina, Etanol, BPF, \u00c1cido Graxo, etc). Sua fun\u00e7\u00e3o \u00e9 a total [...]","protected":false},"author":1,"featured_media":0,"parent":0,"menu_order":0,"comment_status":"closed","ping_status":"closed","template":"","meta":{"footnotes":""},"class_list":["post-1986","page","type-page","status-publish","hentry"],"_links":{"self":[{"href":"https:\/\/dxfuel.com.br\/site\/wp-json\/wp\/v2\/pages\/1986","targetHints":{"allow":["GET"]}}],"collection":[{"href":"https:\/\/dxfuel.com.br\/site\/wp-json\/wp\/v2\/pages"}],"about":[{"href":"https:\/\/dxfuel.com.br\/site\/wp-json\/wp\/v2\/types\/page"}],"author":[{"embeddable":true,"href":"https:\/\/dxfuel.com.br\/site\/wp-json\/wp\/v2\/users\/1"}],"replies":[{"embeddable":true,"href":"https:\/\/dxfuel.com.br\/site\/wp-json\/wp\/v2\/comments?post=1986"}],"version-history":[{"count":10,"href":"https:\/\/dxfuel.com.br\/site\/wp-json\/wp\/v2\/pages\/1986\/revisions"}],"predecessor-version":[{"id":2214,"href":"https:\/\/dxfuel.com.br\/site\/wp-json\/wp\/v2\/pages\/1986\/revisions\/2214"}],"wp:attachment":[{"href":"https:\/\/dxfuel.com.br\/site\/wp-json\/wp\/v2\/media?parent=1986"}],"curies":[{"name":"wp","href":"https:\/\/api.w.org\/{rel}","templated":true}]}}