{"id":12,"date":"2014-08-25T12:39:08","date_gmt":"2014-08-25T12:39:08","guid":{"rendered":"http:\/\/plethorathemes.com\/dev\/cleanstart\/?page_id=12"},"modified":"2015-05-17T17:23:08","modified_gmt":"2015-05-17T17:23:08","slug":"quem-somos","status":"publish","type":"page","link":"https:\/\/dxfuel.com.br\/site\/quem-somos\/","title":{"rendered":"QUEM SOMOS"},"content":{"rendered":"<section id=\"\"  class=\"light_section\">  <div class=\"container triangles-of-section\">    <div class=\"triangle-up-left\"><\/div>    <div class=\"square-left\"><\/div>    <div class=\"triangle-up-right\"><\/div>    <div class=\"square-right\"><\/div>  <\/div> <div class=\"container\">  <div class=\"row\"><h2 class=\"section_header fancy centered\">Otimizador de Combust\u00edvel \u00e9 com a gente!<\/h2><div class=\"col-md-12  text-default\" >\n\t<div class=\"wpb_text_column wpb_content_element \">\n\t\t<div class=\"wpb_wrapper\">\n\t\t\t<p>Criada com o intuito de desenvolver tecnologias novas para o mercado automotivo, a DX trouxe do Canad\u00e1 um novo conceito para sistemas de combust\u00e3o, que revoluciona todo o mercado automotivo nacional. Trata-se do Otimizador de Combust\u00edvel, produto totalmente biodegrad\u00e1vel, que maximiza o combust\u00edvel sem alterar suas caracter\u00edsticas e n\u00e3o agride o meio ambiente.<\/p>\n<p>Depois da inova\u00e7\u00e3o e total aceita\u00e7\u00e3o do mercado com o lan\u00e7amento do <strong>DX Diesel Fuel<\/strong> e do <strong>DX Injector Fuel<\/strong>, dois produtos para duas categorias de combust\u00edveis, <strong>Diesel e Flex<\/strong> (Etanol e Gasolina), chega ao mercado o <strong>DX Injector Fuel Flex Moto<\/strong> e o\u00a0<strong>DX Injector Fuel Partida a Frio<\/strong>, produtos desenvolvidos e destinados exclusivamente para Motos e Reservat\u00f3rios de Partida a Frio.<\/p>\n\n\t\t<\/div> \n\t<\/div> <div class=\"vc_separator wpb_content_element vc_el_width_100\">\n\t<span class=\"vc_sep_holder vc_sep_holder_l\"><span style=\"border-color:#dd3333;\" class=\"vc_sep_line\"><\/span><\/span>\n\t\t<span class=\"vc_sep_holder vc_sep_holder_r\"><span style=\"border-color:#dd3333;\" class=\"vc_sep_line\"><\/span><\/span>\n<\/div>\n\n<\/div>  <\/div>  <\/div><\/section><section id=\"\"  class=\"light_section parallax\">  <div class=\"container triangles-of-section\">    <div class=\"triangle-up-left\"><\/div>    <div class=\"square-left\"><\/div>    <div class=\"triangle-up-right\"><\/div>    <div class=\"square-right\"><\/div>  <\/div> <div class=\"container\">  <div class=\"row\"><div class=\"col-md-4  text-default\" style=\"border-right:1px solid #cccccc;\"><div class=\"vc_separator wpb_content_element vc_separator_align_center vc_el_width_100 vc_sep_color_grey\">\n\t<span class=\"vc_sep_holder vc_sep_holder_l\"><span class=\"vc_sep_line\"><\/span><\/span>\n\t<h4>MISS\u00c3O<\/h4>\t<span class=\"vc_sep_holder vc_sep_holder_r\"><span class=\"vc_sep_line\"><\/span><\/span>\n<\/div>\n\n\n\t<div class=\"wpb_text_column wpb_content_element \">\n\t\t<div class=\"wpb_wrapper\">\n\t\t\t<p>Oferecer um produto que represente a evolu\u00e7\u00e3o e solu\u00e7\u00e3o no tratamento de combust\u00edveis, visando \u00e0 diminui\u00e7\u00e3o em custos e emiss\u00e3o de gases t\u00f3xicos ao meio ambiente.<\/p>\n\n\t\t<\/div> \n\t<\/div> <\/div><div class=\"col-md-4  text-default\" style=\"border-right:1px solid #cccccc;\"><div class=\"vc_separator wpb_content_element vc_separator_align_center vc_el_width_100 vc_sep_color_grey\">\n\t<span class=\"vc_sep_holder vc_sep_holder_l\"><span class=\"vc_sep_line\"><\/span><\/span>\n\t<h4>VIS\u00c3O<\/h4>\t<span class=\"vc_sep_holder vc_sep_holder_r\"><span class=\"vc_sep_line\"><\/span><\/span>\n<\/div>\n\n\n\t<div class=\"wpb_text_column wpb_content_element \">\n\t\t<div class=\"wpb_wrapper\">\n\t\t\t<p>Ser reconhecida pela inova\u00e7\u00e3o tecnol\u00f3gica, alta qualidade de nossos produtos e tamb\u00e9m como a melhor op\u00e7\u00e3o em otimiza\u00e7\u00e3o de combust\u00edveis.<\/p>\n\n\t\t<\/div> \n\t<\/div> <\/div><div class=\"col-md-4  text-default\" ><div class=\"vc_separator wpb_content_element vc_separator_align_center vc_el_width_100 vc_sep_color_grey\">\n\t<span class=\"vc_sep_holder vc_sep_holder_l\"><span class=\"vc_sep_line\"><\/span><\/span>\n\t<h4>VALORES<\/h4>\t<span class=\"vc_sep_holder vc_sep_holder_r\"><span class=\"vc_sep_line\"><\/span><\/span>\n<\/div>\n\n\n\t<div class=\"wpb_text_column wpb_content_element \">\n\t\t<div class=\"wpb_wrapper\">\n\t\t\t<p>Inova\u00e7\u00e3o, evolu\u00e7\u00e3o, respeito ao meio ambiente, transpar\u00eancia, comprometimento e parceria.<\/p>\n\n\t\t<\/div> \n\t<\/div> <\/div>  <\/div>  <\/div><\/section>\n","protected":false},"excerpt":{"rendered":"Otimizador de Combust\u00edvel \u00e9 com a gente! Criada com o intuito de desenvolver tecnologias novas para o mercado automotivo, a DX trouxe do Canad\u00e1 um novo conceito para sistemas de combust\u00e3o, que revoluciona todo o mercado automotivo nacional. Trata-se do Otimizador de Combust\u00edvel, produto totalmente biodegrad\u00e1vel, que maximiza o combust\u00edvel sem alterar suas caracter\u00edsticas e [...]","protected":false},"author":1,"featured_media":1969,"parent":0,"menu_order":2,"comment_status":"closed","ping_status":"closed","template":"","meta":{"footnotes":""},"class_list":["post-12","page","type-page","status-publish","has-post-thumbnail","hentry"],"_links":{"self":[{"href":"https:\/\/dxfuel.com.br\/site\/wp-json\/wp\/v2\/pages\/12","targetHints":{"allow":["GET"]}}],"collection":[{"href":"https:\/\/dxfuel.com.br\/site\/wp-json\/wp\/v2\/pages"}],"about":[{"href":"https:\/\/dxfuel.com.br\/site\/wp-json\/wp\/v2\/types\/page"}],"author":[{"embeddable":true,"href":"https:\/\/dxfuel.com.br\/site\/wp-json\/wp\/v2\/users\/1"}],"replies":[{"embeddable":true,"href":"https:\/\/dxfuel.com.br\/site\/wp-json\/wp\/v2\/comments?post=12"}],"version-history":[{"count":13,"href":"https:\/\/dxfuel.com.br\/site\/wp-json\/wp\/v2\/pages\/12\/revisions"}],"predecessor-version":[{"id":1965,"href":"https:\/\/dxfuel.com.br\/site\/wp-json\/wp\/v2\/pages\/12\/revisions\/1965"}],"wp:featuredmedia":[{"embeddable":true,"href":"https:\/\/dxfuel.com.br\/site\/wp-json\/wp\/v2\/media\/1969"}],"wp:attachment":[{"href":"https:\/\/dxfuel.com.br\/site\/wp-json\/wp\/v2\/media?parent=12"}],"curies":[{"name":"wp","href":"https:\/\/api.w.org\/{rel}","templated":true}]}}